{"id":1658,"date":"2025-01-31T17:17:49","date_gmt":"2025-01-31T17:17:49","guid":{"rendered":"https:\/\/krv1897.de\/?page_id=1658"},"modified":"2026-03-15T21:21:23","modified_gmt":"2026-03-15T21:21:23","slug":"regatta","status":"publish","type":"page","link":"https:\/\/krv1897.de\/?page_id=1658","title":{"rendered":"Regatta"},"content":{"rendered":"\n<h2 class=\"wp-block-heading\"><br>Ergebnisse und Bilder von der Kitzinger Fr\u00fchling Regatta 2025<\/h2>\n\n\n\n<p><a href=\"https:\/\/krv1897.de\/wp-content\/uploads\/2025\/04\/Ergebnis-Kitzinger-Fruehling-Regatta-2025.pdf\"><strong><mark style=\"background-color:rgba(0, 0, 0, 0);color:#1500ff\" class=\"has-inline-color\">Ergebnisse vom 6.4.2025<\/mark><\/strong><\/a><br><a href=\"https:\/\/magentacloud.de\/s\/8Yi4q8Ab9jFRQeF?\"><strong><mark style=\"background-color:rgba(0, 0, 0, 0);color:#0600ff\" class=\"has-inline-color\">Bilder vom 6.4.2025<\/mark><\/strong><\/a> (Fotograf: Michael Fexer)<\/p>\n\n\n\n<p><\/p>\n\n\n\n<h2 class=\"wp-block-heading\">Ergebnisse und Bilder von der Kitzinger Fr\u00fchling Regatta 2026<\/h2>\n\n\n\n<p><a href=\"https:\/\/krv1897.de\/wp-content\/uploads\/2026\/03\/Ergebnis-2026-Zweite-Kitzinger-Fruehling-Regatta.pdf\"><mark style=\"background-color:rgba(0, 0, 0, 0)\" class=\"has-inline-color has-tertiary-color\">Ergebnis Kitzinger Fr\u00fchling 2026<\/mark><\/a><\/p>\n\n\n\n<p><a href=\"https:\/\/magentacloud.de\/s\/LQtL5ZbT2scYcji\"><mark style=\"background-color:rgba(0, 0, 0, 0)\" class=\"has-inline-color has-tertiary-color\">Bilder 2. Kitzinger Fr\u00fchling Regatta<\/mark><\/a> (Michael Fexer)<\/p>\n\n\n\n<p><\/p>\n\n\n\n<h2 class=\"wp-block-heading\">Informationen zur Regatta<\/h2>\n\n\n\n<p><\/p>\n\n\n\n<p>Regattaname: &nbsp;&nbsp;&nbsp;&nbsp;&nbsp;&nbsp;&nbsp;&nbsp;&nbsp;&nbsp;&nbsp;&nbsp;&nbsp;&nbsp;&nbsp;&nbsp;&nbsp;<br>\u201e2. Kitzinger Fr\u00fchling\u201c Regatta (Einladungsregatta)<br><br>Stadt:&nbsp;&nbsp;&nbsp;&nbsp;&nbsp;&nbsp;&nbsp;&nbsp;&nbsp;&nbsp;&nbsp;&nbsp;&nbsp;&nbsp;&nbsp;&nbsp;&nbsp;&nbsp;&nbsp;&nbsp;&nbsp;&nbsp;&nbsp;&nbsp;&nbsp;&nbsp;&nbsp;&nbsp;&nbsp;&nbsp;&nbsp;<br>Kitzingen, <a href=\"https:\/\/www.instagram.com\/reel\/DIEDEa7NoZ3\/?fbclid=IwY2xjawJd-SRleHRuA2FlbQIxMAABHnxDTy1N_RRZutQgelMKA88-hbXhQrl1cUeA-zysenZgZ3TISrKphOdkX-pt_aem_o8Xyfs6nwV_TZzSPUGcdQA\"><mark style=\"background-color:rgba(0, 0, 0, 0)\" class=\"has-inline-color has-primary-color\">Streckenf\u00fchrung als Video<\/mark><\/a><br><br>Meldungen offen:&nbsp;&nbsp;&nbsp;&nbsp;&nbsp;&nbsp;&nbsp;&nbsp;&nbsp;&nbsp;&nbsp;14.12.2025 unter <a href=\"mailto:regatta@krv1897.de\">regatta@krv1897.de<\/a><br>Meldeschluss:&nbsp;&nbsp;&nbsp;&nbsp;&nbsp;&nbsp;&nbsp;&nbsp;&nbsp;&nbsp;&nbsp;&nbsp;&nbsp;&nbsp;&nbsp;&nbsp; 11.3.2026, 18:00<br>Frist f\u00fcr Nachmeldung:&nbsp;&nbsp; 14.3.2026, 18:00<br>Frist f\u00fcr \u00c4nderungen:&nbsp;&nbsp;&nbsp;&nbsp;&nbsp; 15.3.2026, 9:30<br><br>Veranstalter:&nbsp;&nbsp;&nbsp;&nbsp;&nbsp;&nbsp;&nbsp;&nbsp;&nbsp;&nbsp;&nbsp;&nbsp;&nbsp;&nbsp;&nbsp;&nbsp;&nbsp;&nbsp;&nbsp;&nbsp; <br>Kitzinger Ruderverein von 1897 e.V.<\/p>\n\n\n\n<p><strong>Informationen zur 2. Kitzinger Fr\u00fchling Regatta<\/strong><\/p>\n\n\n\n<p>Kategorie:&nbsp;&nbsp;&nbsp;&nbsp;&nbsp;&nbsp;&nbsp;&nbsp;&nbsp;&nbsp;&nbsp;&nbsp;&nbsp;&nbsp;&nbsp;&nbsp;&nbsp;&nbsp;&nbsp;&nbsp;&nbsp;&nbsp;&nbsp;&nbsp;&nbsp;<br>Langstreckenregatta<\/p>\n\n\n\n<p>Tag: &nbsp;&nbsp;&nbsp;&nbsp;&nbsp;&nbsp;&nbsp;&nbsp;&nbsp;&nbsp;&nbsp;&nbsp;&nbsp;&nbsp;&nbsp;&nbsp;&nbsp;&nbsp;&nbsp;&nbsp;&nbsp;&nbsp;&nbsp;&nbsp;&nbsp;&nbsp;&nbsp;&nbsp;&nbsp;&nbsp;&nbsp; &nbsp;<br>Sonntag, 15.3.2026<\/p>\n\n\n\n<p>Regattadetail:&nbsp;&nbsp;&nbsp;&nbsp;&nbsp;&nbsp;&nbsp;&nbsp;&nbsp;&nbsp;&nbsp;&nbsp;&nbsp;&nbsp;&nbsp;&nbsp;&nbsp;&nbsp; <br>Main zwischen F\u00e4hre Mainstockheim-Albertshofen (290,7) <br>und Kitzingen Stadtbalkon-S\u00fcd (286,7)<\/p>\n\n\n\n<p>Distanz:&nbsp;&nbsp;&nbsp;&nbsp;&nbsp;&nbsp;&nbsp;&nbsp;&nbsp;&nbsp;&nbsp;&nbsp;&nbsp;&nbsp;&nbsp;&nbsp;&nbsp;&nbsp;&nbsp;&nbsp;&nbsp;&nbsp;&nbsp;&nbsp;&nbsp;&nbsp;&nbsp;&nbsp;&nbsp;<br>4km<\/p>\n\n\n\n<p>Sattelplatz:&nbsp;&nbsp;&nbsp;&nbsp;&nbsp;&nbsp;&nbsp;&nbsp;&nbsp;&nbsp;&nbsp;&nbsp;&nbsp;&nbsp;&nbsp;&nbsp;&nbsp;&nbsp;&nbsp;&nbsp;&nbsp;&nbsp;&nbsp;&nbsp; <br>Mainstockheimer Str. 2, 97318 Kitzingen<br>Anfahrt zwischen Ruderheim und Main, Abh\u00e4ngen auf Weg, <br>h\u00e4ndisches Einparken der Anh\u00e4nger (platzsparend!),<br>Durchfahrt der Zugfahrzeuge bis Kreisverkehr;<br>Parken entlang Mainstockheimer Str. oder Parkplatz auf anderer Mainseite<br><br>Kosten:&nbsp;&nbsp;&nbsp;&nbsp;&nbsp;&nbsp;&nbsp;&nbsp;&nbsp;&nbsp;&nbsp;&nbsp;&nbsp;&nbsp;&nbsp;&nbsp;&nbsp;&nbsp;&nbsp;&nbsp;&nbsp;&nbsp;&nbsp;&nbsp;&nbsp;&nbsp;&nbsp;&nbsp;<br>2x 20\u20ac  | Gig4x 40\u20ac &nbsp;&nbsp;&nbsp;&nbsp;&nbsp;&nbsp;&nbsp;&nbsp;&nbsp;&nbsp;&nbsp;&nbsp;&nbsp;&nbsp;&nbsp;&nbsp;&nbsp;&nbsp;&nbsp;&nbsp;&nbsp;&nbsp;&nbsp;&nbsp;&nbsp;&nbsp;&nbsp;&nbsp;&nbsp;&nbsp;&nbsp;&nbsp;&nbsp;&nbsp;&nbsp;<\/p>\n\n\n\n<p>Regattaleitung: &nbsp;&nbsp;&nbsp;&nbsp;&nbsp;&nbsp;&nbsp;&nbsp;&nbsp;&nbsp;&nbsp;&nbsp;&nbsp;&nbsp;&nbsp; <br>Thomas Kern, Dr. Michael Bed\u00f6, Dr. Daniel Nagl<\/p>\n\n\n\n<p>Schiedsrichter: Peter Scharnagl<br><br>Kommunikation: &nbsp;&nbsp;&nbsp;&nbsp;&nbsp;&nbsp;&nbsp;&nbsp;&nbsp;&nbsp;&nbsp;&nbsp;&nbsp; <br>Dr. Daniel Nagl (\u00d6A KRV 1897) unter <a href=\"mailto:regatta@krv1897.de\"><mark style=\"background-color:rgba(0, 0, 0, 0);color:#2c0bb5\" class=\"has-inline-color\">regatta@krv1897.de<\/mark><\/a> mobil 0176\/34193678<\/p>\n\n\n\n<p>Rennen:&nbsp;&nbsp;&nbsp;&nbsp;&nbsp;&nbsp;&nbsp;&nbsp;&nbsp;&nbsp;&nbsp;&nbsp;&nbsp;&nbsp;&nbsp;&nbsp;&nbsp;&nbsp;&nbsp;&nbsp;&nbsp;&nbsp;&nbsp;&nbsp;&nbsp;&nbsp;&nbsp;&nbsp;&nbsp; <br>1.) Gig4x+ (4km) JB, JA, SEN, MM (Steuerperson: geb. 2012 und \u00e4lter) (11:00)<br>2.) 2x (4km) &nbsp;JB, JA, SEN, MM (13:00)<\/p>\n\n\n\n<p>3.) Novizenrennen \u00fcber 500m der Parteien B90\/Gr\u00fcne, CSU, FBW zwischen KRV-Steg und Stadtbalkon (14:00)<\/p>\n\n\n\n<p>Bei Rennen 1. und 2. wird das Welser Wertungssystem angewandt.<br>Je Frau auf Ruderplatz -2,5% Zeit.<br>Je Durchschnittsalter &gt;30 -0,07% Zeit (Geburtsjahre der Besatzung angeben!)<br><br>Bekanntgabe der Wertungszeit nach Verrechnung bei Siegerehrung.<\/p>\n\n\n\n<p><br>Zeitplan:&nbsp;&nbsp;&nbsp;&nbsp;&nbsp;&nbsp;&nbsp;&nbsp;&nbsp;&nbsp;&nbsp;&nbsp;&nbsp;&nbsp;&nbsp;&nbsp;&nbsp;&nbsp;&nbsp;&nbsp;&nbsp;&nbsp;&nbsp;&nbsp;&nbsp;&nbsp;&nbsp;&nbsp;&nbsp; <br>Anfahrt\/Riggern &nbsp;&nbsp;&nbsp;&nbsp;&nbsp;&nbsp;&nbsp;&nbsp;&nbsp;&nbsp;&nbsp;&nbsp; &nbsp;&nbsp;&nbsp;&nbsp;&nbsp;&nbsp;&nbsp;&nbsp;&nbsp;&nbsp;&nbsp;&nbsp;&nbsp;8:30-9:45<br>Obleutebesprechung &nbsp;&nbsp;&nbsp;&nbsp;&nbsp;&nbsp;&nbsp;&nbsp;&nbsp;&nbsp;&nbsp;&nbsp;&nbsp;&nbsp;&nbsp;&nbsp;&nbsp;&nbsp;9:45 (ab 10:00 Uhr Anrudern + Anfahrt zum Start)<br>Starts Rennen 1 (Gig4x+) &nbsp;&nbsp;&nbsp;&nbsp;&nbsp;&nbsp;&nbsp;&nbsp;&nbsp;&nbsp;&nbsp; 11:00-11:06 (45sec, Anfahrt: ca. 30 min)<br>Starts Rennen 2 (2x) &nbsp;&nbsp;&nbsp;&nbsp;&nbsp;&nbsp;&nbsp;&nbsp;&nbsp;&nbsp;&nbsp;&nbsp;&nbsp;&nbsp;&nbsp;&nbsp;&nbsp;&nbsp;&nbsp;&nbsp;13:00-13:05 (45sec, Anfahrt ca. 30 min)<br>Start Rennen 3 (Novizenrennen) 14:00 <br>Riggern und Auswertung &nbsp;&nbsp;&nbsp;&nbsp;&nbsp;&nbsp;&nbsp;&nbsp;&nbsp;&nbsp;&nbsp;&nbsp; 14:00-14:45<br>Siegerehrung &nbsp;&nbsp;&nbsp;&nbsp;&nbsp;&nbsp;&nbsp;&nbsp;&nbsp;&nbsp;&nbsp;&nbsp;&nbsp;&nbsp;&nbsp;&nbsp;&nbsp;&nbsp;&nbsp;&nbsp;&nbsp;&nbsp;&nbsp;&nbsp;&nbsp;&nbsp;&nbsp;&nbsp;&nbsp;&nbsp;&nbsp; 15:00<br><\/p>\n\n\n\n<p>Fahrtordnung: &nbsp;&nbsp;&nbsp;&nbsp;&nbsp;&nbsp;&nbsp;&nbsp;&nbsp;&nbsp;&nbsp;&nbsp;&nbsp;&nbsp;&nbsp;&nbsp;&nbsp; <br>Wassern auf n\u00f6rdlicher (\u201elinker\u201c) Stegseite<br>Anfahrt zum Start (\u201ewarmfahren\u201c) dauerhaft auf rechter Flussseite unter Land<br>Achtung auf rechtzeitiges Einlenken (sonst Schilf) bei km287,9!<br>Achtung auf rote Tonnen beim km289,2!<br>Achtung bei Anfahrt (kurz vor Startaufstellung): F\u00e4hrbetrieb bei km289,8<br>Aufstellung n\u00f6rdlich der F\u00e4hre auf H\u00f6he des Albertsh\u00f6fer Badestrands<\/p>\n\n\n\n<p>Fliegender Start nach Aufruf durch Starter.<br>Anm. kurzfristige Verschiebung durch F\u00e4hrbetrieb m\u00f6glich.<\/p>\n\n\n\n<p>Regattastrecke: dauerhaft links der Flussmitte<br>Achtung: bei km287,7 Abstand zum linksseitigen Abfluss (Steine) halten und in Hauptstrom bleiben!<\/p>\n\n\n\n<p>Ziel: Stadtbalkon linksseitig des Leitwerks<br>(nach Alter Mainbr\u00fccke geradeaus weiter, aus Fahrrinne heraus)<\/p>\n\n\n\n<p>Ausfahren, Wende um Leitwerk, rechtsseitig unter Land und durch 2. Br\u00fcckenbogen (eng!) zur\u00fcck zum KRV-Steg.<br>Auswassern auf s\u00fcdlicher (rechter) Stegh\u00e4lfte.<\/p>\n\n\n\n<p>Meldeergebnis: &nbsp;&nbsp;&nbsp;&nbsp;&nbsp;&nbsp;&nbsp;&nbsp;&nbsp;&nbsp;&nbsp;&nbsp;&nbsp;&nbsp;&nbsp; <br>(am 12. M\u00e4rz 2026 hier verlinkt)<\/p>\n\n\n\n<p>Ergebnisse: &nbsp;&nbsp;&nbsp;&nbsp;&nbsp;&nbsp;&nbsp;&nbsp;&nbsp;&nbsp;&nbsp;&nbsp;&nbsp;&nbsp;&nbsp;&nbsp;&nbsp;&nbsp;&nbsp;&nbsp;&nbsp;&nbsp; <br>(am Abend des 15. M\u00e4rz 2026 hier verlinkt)<br><br><br>Zus\u00e4tzliche Bestimmungen<br><br><strong>1. Allgemeine Angaben<\/strong><\/p>\n\n\n\n<p>Allgemeine Regatta<br>Streckenl\u00e4nge: 4000 m flussabw\u00e4rts, ohne Wende<br>fliegender Start, Regelstartabstand: 45 Sek<\/p>\n\n\n\n<p><strong>2. Meldeschluss<\/strong><\/p>\n\n\n\n<p>Mittwoch, 30. M\u00e4rz 2025, 18:00 Uhr<br><\/p>\n\n\n\n<p><strong>Meldung \u00fcber <\/strong><a href=\"mailto:regatta@krv1897.de\"><strong><mark style=\"background-color:rgba(0, 0, 0, 0);color:#200bb5\" class=\"has-inline-color\">regatta@krv1897.de<\/mark><\/strong><\/a><\/p>\n\n\n\n<p>R\u00fcckfragen unter 0176\/34193678 (Dr. Daniel Nagl)<\/p>\n\n\n\n<p>Das Meldeergebnis wird unter krv1897.de bis 1. April ver\u00f6ffentlich.<br>Es enth\u00e4lt die Namen der gemeldeten Aktiven.<br><br><strong>3. Startplatz<u>vergabe*<\/u><\/strong><\/p>\n\n\n\n<p>30.3.2025, 20:00 Uhr, Mainstockheimer Str. 2, 97318 Kitzingen<\/p>\n\n\n\n<p>*Durch geschlechtlich und alterstechnisch unterschiedlich strukturierte Boote im Starterfeld ohne Altersklassen sowie lediglich 45sec Startabstand wird versucht die Startfolge so zu gestalten, dass Mehrfach\u00fcberholung vermieden wird.<\/p>\n\n\n\n<p><strong>4. Regattabeitr\u00e4ge<\/strong><\/p>\n\n\n\n<p>Meldegelder sind am Renntag bar zu begleichen.<\/p>\n\n\n\n<p>Zweier: \u20ac 20,00<br>Vierer: \u20ac 40,00<\/p>\n\n\n\n<p><br><strong>5. zus\u00e4tzliche Bestimmungen<\/strong><\/p>\n\n\n\n<p>a) Regattaplatz: Platz zwischen Steg und KRV von 1897 e.V. (Anfahrt: via Neuer Mainkai, h\u00e4ndisches Einparken (platzsparend) n\u00f6rdlich des Stegs, Zugfahrzeuge im weiteren Verlauf der Mainstockheimer Str. (ab ca. Br\u00fccke Nordumgehung) oder auf Parkplatz auf linker Mainseite (\u201eBleichwasen Nord\u201c) parken.<\/p>\n\n\n\n<p>Start s\u00fcdlich F\u00e4hre Mainstockheim-Albertshofen Fluss-km 290,7<\/p>\n\n\n\n<p>b) Bootsausleihe (Gig4x+) nur in geringstem Umfang (1-2 Boote) nach R\u00fccksprache m\u00f6glich.<\/p>\n\n\n\n<p>c) Beitragsfrei: Mannschaften des KRV <\/p>\n\n\n\n<p>d) Nachmeldungen: bei doppeltem Meldegeld bis Samstag,&nbsp;<strong>14.3.2026<\/strong>, 18 Uhr.<\/p>\n\n\n\n<p>e) Einschr\u00e4nkungen aufgrund von beh\u00f6rdlichen Anordnungen\/Wasserstand m\u00f6glich.<br>(insbesondere Absage durch Schifffahrtssperre\/nicht ruderbaren Konditionen aufgrund von Hochwasser \u2013 siehe daher Meldegeldbegleichung erst am Renntag)<\/p>\n\n\n\n<p>f) W\u00e4hrend der Veranstaltung werden Fotos gemacht, auch zur Verwendung f\u00fcr Presseartikel sowie die Homepage und Social Media Accounts des KRV1897. Jede\/r Teilnehmer\/in kann der Ver\u00f6ffentlichung widersprechen. Schicken Sie dazu eine Mail an&nbsp;<a href=\"mailto:regatta@krv1897.de\">regatta@krv1897.de<\/a><\/p>\n\n\n\n<p>g) <strong>Die Regatta wird durch die Ortsgruppe der Wasserwacht Kitzingen abgesichert<\/strong> (voraussichtlich 2 Motorboote mit je 1 Bootsf\u00fchrer, 1 Wasserretter, 1 SAN AB\/C  \u2013 <strong>au\u00dferdem sind trotz ganzt\u00e4gig gesperrter Gro\u00dfschifffahrt (vgl. Schleusenrevision) Sperrboot<\/strong> (oberhalb Aufstellung) <strong>und Zielboot im Einsatz und mit medizinisch ausgebildetem Personal besetzt.<br><\/strong><br>Wir danken der Wasserwacht f\u00fcr die unkomplizierte Zusammenarbeit und wissen um die gute Ausbildung der Aktiven. Die Boote werden an Gefahrenstellen bei der Anfahrt (s.o.) positioniert, die gleicherma\u00dfen eine gute Sichtabdeckung der Regattastrecke gew\u00e4hrleisten. W\u00e4hrend der Rennen sind die Boote nicht in Bewegungsfahrt \u2013 und auf der Anfahrt dorthin wissen sie um die geringen Frei-bordh\u00f6hen der Ruderboote. Sollte sich ein Boot daher mit unangepasster Geschwindigkeit bewegen: bitte nicht gleich fluchen\/gestikulieren. Es hat dann sehr wahrscheinlich einen gewichtigen Grund!<\/p>\n\n\n\n<p><strong><br>6. Verantwortliche<\/strong><\/p>\n\n\n\n<p>Thomas Kern, Dr. Michael Bed\u00f6, Dr. Daniel Nagl<\/p>\n\n\n\n<p><\/p>\n","protected":false},"excerpt":{"rendered":"<p>Ergebnisse und Bilder von der Kitzinger Fr\u00fchling Regatta 2025 Ergebnisse vom 6.4.2025Bilder vom 6.4.2025 (Fotograf: Michael Fexer) Ergebnisse und Bilder von der Kitzinger Fr\u00fchling Regatta 2026 Ergebnis Kitzinger Fr\u00fchling 2026 &hellip; <\/p>\n<p class=\"link-more\"><a href=\"https:\/\/krv1897.de\/?page_id=1658\" class=\"more-link\">Mehr <span class=\"screen-reader-text\">\u00fcber &#8222;Regatta&#8220; <\/span>Lesen<\/a><\/p>\n","protected":false},"author":1,"featured_media":0,"parent":0,"menu_order":0,"comment_status":"closed","ping_status":"closed","template":"","meta":{"give_campaign_id":0,"_EventAllDay":false,"_EventTimezone":"","_EventStartDate":"","_EventEndDate":"","_EventStartDateUTC":"","_EventEndDateUTC":"","_EventShowMap":false,"_EventShowMapLink":false,"_EventURL":"","_EventCost":"","_EventCostDescription":"","_EventCurrencySymbol":"","_EventCurrencyCode":"","_EventCurrencyPosition":"","_EventDateTimeSeparator":"","_EventTimeRangeSeparator":"","_EventOrganizerID":[],"_EventVenueID":[],"_OrganizerEmail":"","_OrganizerPhone":"","_OrganizerWebsite":"","_VenueAddress":"","_VenueCity":"","_VenueCountry":"","_VenueProvince":"","_VenueState":"","_VenueZip":"","_VenuePhone":"","_VenueURL":"","_VenueStateProvince":"","_VenueLat":"","_VenueLng":"","_VenueShowMap":false,"_VenueShowMapLink":false,"inspiro_hide_title":false,"footnotes":""},"class_list":["post-1658","page","type-page","status-publish","hentry"],"campaignId":"","_links":{"self":[{"href":"https:\/\/krv1897.de\/index.php?rest_route=\/wp\/v2\/pages\/1658","targetHints":{"allow":["GET"]}}],"collection":[{"href":"https:\/\/krv1897.de\/index.php?rest_route=\/wp\/v2\/pages"}],"about":[{"href":"https:\/\/krv1897.de\/index.php?rest_route=\/wp\/v2\/types\/page"}],"author":[{"embeddable":true,"href":"https:\/\/krv1897.de\/index.php?rest_route=\/wp\/v2\/users\/1"}],"replies":[{"embeddable":true,"href":"https:\/\/krv1897.de\/index.php?rest_route=%2Fwp%2Fv2%2Fcomments&post=1658"}],"version-history":[{"count":31,"href":"https:\/\/krv1897.de\/index.php?rest_route=\/wp\/v2\/pages\/1658\/revisions"}],"predecessor-version":[{"id":2040,"href":"https:\/\/krv1897.de\/index.php?rest_route=\/wp\/v2\/pages\/1658\/revisions\/2040"}],"wp:attachment":[{"href":"https:\/\/krv1897.de\/index.php?rest_route=%2Fwp%2Fv2%2Fmedia&parent=1658"}],"curies":[{"name":"wp","href":"https:\/\/api.w.org\/{rel}","templated":true}]}}