{"id":390,"date":"2023-02-20T23:19:16","date_gmt":"2023-02-20T23:19:16","guid":{"rendered":"https:\/\/krv1897.de\/?page_id=390"},"modified":"2025-06-18T07:29:14","modified_gmt":"2025-06-18T07:29:14","slug":"kitzinger-ruderverein-von-1897-e-v","status":"publish","type":"page","link":"https:\/\/krv1897.de\/?page_id=390","title":{"rendered":"Kitzinger Ruderverein von 1897 e.V."},"content":{"rendered":"\n<figure class=\"wp-block-image alignfull size-large\"><img loading=\"lazy\" decoding=\"async\" width=\"1024\" height=\"640\" src=\"https:\/\/krv1897.de\/wp-content\/uploads\/2023\/02\/KRV3-1024x640.jpg\" alt=\"\" class=\"wp-image-400\" srcset=\"https:\/\/krv1897.de\/wp-content\/uploads\/2023\/02\/KRV3-1024x640.jpg 1024w, https:\/\/krv1897.de\/wp-content\/uploads\/2023\/02\/KRV3-300x188.jpg 300w, https:\/\/krv1897.de\/wp-content\/uploads\/2023\/02\/KRV3-768x480.jpg 768w, https:\/\/krv1897.de\/wp-content\/uploads\/2023\/02\/KRV3.jpg 1200w\" sizes=\"auto, (max-width: 1024px) 100vw, 1024px\" \/><\/figure>\n\n\n\n<h3 class=\"wp-block-heading has-text-align-center\">Elitedenken? Nicht mit uns. <br>Wir sind offen f\u00fcr Neumitglieder, die mit uns auf Wasser wollen<\/h3>\n\n\n\n<p class=\"has-text-align-center has-small-font-size\">Noch immer wird Rudersport mit &#8222;Elite&#8220; in Verbindung gebracht. Und ja: einst brauchte es B\u00fcrgen, <br>um in den Kitzinger Ruderverein aufgenommen zu werden. <br>Mag dies andernorts noch \u00e4hnlich gehandhabt werden; <br>beim KRV sucht man Burschenschaftsattit\u00fcden vergebens. <br><br>Der Kitzinger Ruderverein versteht sich als Gesundheitssportverein f\u00fcr alle, <br>die Spa\u00df an der Bewegung auf Wasser und der geselligen, gelebten Kameradschaft unter (Wasser-)Sportlern haben.<br>Neben Partnerschaften mit Schulen veranstalten wir daher j\u00e4hrlich zu Saisonbeginn mehrere &#8222;Schnupperruderkurse&#8220;. <br><br><a href=\"https:\/\/krv1897.de\/?page_id=570\"><mark style=\"background-color:rgba(0, 0, 0, 0)\" class=\"has-inline-color has-vivid-cyan-blue-color\"><strong>Termine Schnupperrudern<\/strong><\/mark><\/a><\/p>\n\n\n\n<div style=\"height:100px\" aria-hidden=\"true\" class=\"wp-block-spacer\"><\/div>\n\n\n\n<h3 class=\"wp-block-heading has-text-align-center\">Schaut vorbei beim KRV 1897 direkt am Main<\/h3>\n\n\n\n<p class=\"has-text-align-center has-small-font-size\">Vom Wasser kann man unsere altehrw\u00fcrdige Bootshalle und das Ruderheim aus dem Jahr 1925 rechtsseitig am n\u00f6rdlichen Stadteingang kaum \u00fcbersehen. <br>Wer mit dem Auto kommt, nimmt egal aus welcher Himmelsrichtung am einfachsten die Nordumgehung und biegt westlich der Mainbr\u00fccke zu uns ab. <br>Bei einer Anreise mit der Bahn sind ca. 15 Minuten Fu\u00dfmarsch durch die Innenstadt zu bew\u00e4ltigen.<\/p>\n\n\n\n<p class=\"has-text-align-center has-small-font-size\">Beim ersten Kontakt mit dem KRV findet man &#8222;die Ruderer&#8220;, indem man mainseitig um&#8217;s Ruderheim zur Bootshalle geht. <br>Vermutlich sitzt im Sommer aber auch der ein oder andere \u00e4lterer Ruderkamerad im Bootshausgarten und gibt Auskunft.<br><strong><a href=\"https:\/\/krv1897.de\/?page_id=128\">Einfach ansprechen.<\/a><\/strong><\/p>\n\n\n\n<p class=\"has-text-align-center\"><iframe src=\"https:\/\/www.google.com\/maps\/embed?pb=!1m18!1m12!1m3!1d2578.336074531311!2d10.159421415705866!3d49.74211997938397!2m3!1f0!2f0!3f0!3m2!1i1024!2i768!4f13.1!3m3!1m2!1s0x47a262b2c2995415%3A0x963e343df8096789!2sKitzinger%20Ruderverein%201897!5e0!3m2!1sde!2sde!4v1676936609460!5m2!1sde!2sde\" width=\"600\" height=\"450\" style=\"border:0;\" allowfullscreen=\"\" loading=\"lazy\" referrerpolicy=\"no-referrer-when-downgrade\"><\/p><\/iframe><\/p>\n\n\n\n<div style=\"height:100px\" aria-hidden=\"true\" class=\"wp-block-spacer\"><\/div>\n","protected":false},"excerpt":{"rendered":"<p>Elitedenken? Nicht mit uns. Wir sind offen f\u00fcr Neumitglieder, die mit uns auf Wasser wollen Noch immer wird Rudersport mit &#8222;Elite&#8220; in Verbindung gebracht. Und ja: einst brauchte es B\u00fcrgen, &hellip; <\/p>\n<p class=\"link-more\"><a href=\"https:\/\/krv1897.de\/?page_id=390\" class=\"more-link\">Mehr <span class=\"screen-reader-text\">\u00fcber &#8222;Kitzinger Ruderverein von 1897 e.V.&#8220; <\/span>Lesen<\/a><\/p>\n","protected":false},"author":1,"featured_media":0,"parent":0,"menu_order":0,"comment_status":"closed","ping_status":"closed","template":"page-templates\/full-width-transparent.php","meta":{"give_campaign_id":0,"_EventAllDay":false,"_EventTimezone":"","_EventStartDate":"","_EventEndDate":"","_EventStartDateUTC":"","_EventEndDateUTC":"","_EventShowMap":false,"_EventShowMapLink":false,"_EventURL":"","_EventCost":"","_EventCostDescription":"","_EventCurrencySymbol":"","_EventCurrencyCode":"","_EventCurrencyPosition":"","_EventDateTimeSeparator":"","_EventTimeRangeSeparator":"","_EventOrganizerID":[],"_EventVenueID":[],"_OrganizerEmail":"","_OrganizerPhone":"","_OrganizerWebsite":"","_VenueAddress":"","_VenueCity":"","_VenueCountry":"","_VenueProvince":"","_VenueState":"","_VenueZip":"","_VenuePhone":"","_VenueURL":"","_VenueStateProvince":"","_VenueLat":"","_VenueLng":"","_VenueShowMap":false,"_VenueShowMapLink":false,"inspiro_hide_title":false,"footnotes":""},"class_list":["post-390","page","type-page","status-publish","hentry"],"campaignId":"","_links":{"self":[{"href":"https:\/\/krv1897.de\/index.php?rest_route=\/wp\/v2\/pages\/390","targetHints":{"allow":["GET"]}}],"collection":[{"href":"https:\/\/krv1897.de\/index.php?rest_route=\/wp\/v2\/pages"}],"about":[{"href":"https:\/\/krv1897.de\/index.php?rest_route=\/wp\/v2\/types\/page"}],"author":[{"embeddable":true,"href":"https:\/\/krv1897.de\/index.php?rest_route=\/wp\/v2\/users\/1"}],"replies":[{"embeddable":true,"href":"https:\/\/krv1897.de\/index.php?rest_route=%2Fwp%2Fv2%2Fcomments&post=390"}],"version-history":[{"count":22,"href":"https:\/\/krv1897.de\/index.php?rest_route=\/wp\/v2\/pages\/390\/revisions"}],"predecessor-version":[{"id":1842,"href":"https:\/\/krv1897.de\/index.php?rest_route=\/wp\/v2\/pages\/390\/revisions\/1842"}],"wp:attachment":[{"href":"https:\/\/krv1897.de\/index.php?rest_route=%2Fwp%2Fv2%2Fmedia&parent=390"}],"curies":[{"name":"wp","href":"https:\/\/api.w.org\/{rel}","templated":true}]}}