{"id":416,"date":"2023-02-21T10:15:56","date_gmt":"2023-02-21T10:15:56","guid":{"rendered":"https:\/\/krv1897.de\/?page_id=416"},"modified":"2023-02-22T13:02:33","modified_gmt":"2023-02-22T13:02:33","slug":"infos-ordnungen","status":"publish","type":"page","link":"https:\/\/krv1897.de\/?page_id=416","title":{"rendered":"Infos &#038; Ordnungen"},"content":{"rendered":"\n<figure class=\"wp-block-image alignfull size-large\"><img loading=\"lazy\" decoding=\"async\" width=\"1024\" height=\"640\" src=\"https:\/\/krv1897.de\/wp-content\/uploads\/2023\/02\/Ordnungen-1024x640.jpg\" alt=\"\" class=\"wp-image-417\" srcset=\"https:\/\/krv1897.de\/wp-content\/uploads\/2023\/02\/Ordnungen-1024x640.jpg 1024w, https:\/\/krv1897.de\/wp-content\/uploads\/2023\/02\/Ordnungen-300x188.jpg 300w, https:\/\/krv1897.de\/wp-content\/uploads\/2023\/02\/Ordnungen-768x480.jpg 768w, https:\/\/krv1897.de\/wp-content\/uploads\/2023\/02\/Ordnungen.jpg 1200w\" sizes=\"auto, (max-width: 1024px) 100vw, 1024px\" \/><\/figure>\n\n\n\n<h3 class=\"has-text-align-center wp-block-heading\"><mark style=\"background-color:rgba(0, 0, 0, 0)\" class=\"has-inline-color has-vivid-cyan-blue-color\"><mark style=\"background-color:rgba(0, 0, 0, 0)\" class=\"has-inline-color has-vivid-cyan-blue-color\">&#8222;Safety first&#8220; und &#8222;Ordnung muss sein&#8220;<\/mark><\/mark><\/h3>\n\n\n\n<p class=\"has-text-align-center has-small-font-size\">Anders als J\u00e4ger sprechen Ruderer zwar kein ausgepr\u00e4gtes &#8222;Fachlatein&#8220;. <br>Neben der Rudertechnik, sollte aber auch ein Verst\u00e4ndnis f\u00fcr Grundbegriffe des Ruderns gegeben sein, <br>bevor man ins Mannschaftsboot steigt.<br><br>Mindestens diejenigen, die auf dem Steuersitz oder im Einer Platz nehmen, <br>sollten dar\u00fcber hinaus mit der Fahrordnung in unserem wundersch\u00f6nen Revier zwischen den Staustufen Hohenfeld und Dettelbach <br>sowie den Regeln auf der Bundeswasserstra\u00dfe Main vertraut sein.<br><br>In unserer <a rel=\"noreferrer noopener\" href=\"https:\/\/krv1897.de\/wp-content\/uploads\/2023\/02\/leitfaden-ruderpruefung.pdf\" target=\"_blank\"><mark style=\"background-color:rgba(0, 0, 0, 0)\" class=\"has-inline-color has-vivid-cyan-blue-color\">Ruderordnung<\/mark><\/a> finden sich die wichtigsten Inhalte zum Selbststudium.<br>Weitere wertvolle Hinweise zum <a rel=\"noreferrer noopener\" href=\"https:\/\/www.youtube.com\/user\/SicherRudern\/videos\" target=\"_blank\"><mark style=\"background-color:rgba(0, 0, 0, 0)\" class=\"has-inline-color has-vivid-cyan-blue-color\">&#8222;Sicheren Rudern&#8220;<\/mark><\/a> finden sich in den verlinkten Videos.<\/p>\n\n\n\n<div style=\"height:100px\" aria-hidden=\"true\" class=\"wp-block-spacer\"><\/div>\n","protected":false},"excerpt":{"rendered":"<p>&#8222;Safety first&#8220; und &#8222;Ordnung muss sein&#8220; Anders als J\u00e4ger sprechen Ruderer zwar kein ausgepr\u00e4gtes &#8222;Fachlatein&#8220;. Neben der Rudertechnik, sollte aber auch ein Verst\u00e4ndnis f\u00fcr Grundbegriffe des Ruderns gegeben sein, bevor &hellip; <\/p>\n<p class=\"link-more\"><a href=\"https:\/\/krv1897.de\/?page_id=416\" class=\"more-link\">Mehr <span class=\"screen-reader-text\">\u00fcber &#8222;Infos &#038; Ordnungen&#8220; <\/span>Lesen<\/a><\/p>\n","protected":false},"author":1,"featured_media":0,"parent":0,"menu_order":0,"comment_status":"closed","ping_status":"closed","template":"page-templates\/full-width-transparent.php","meta":{"give_campaign_id":0,"_EventAllDay":false,"_EventTimezone":"","_EventStartDate":"","_EventEndDate":"","_EventStartDateUTC":"","_EventEndDateUTC":"","_EventShowMap":false,"_EventShowMapLink":false,"_EventURL":"","_EventCost":"","_EventCostDescription":"","_EventCurrencySymbol":"","_EventCurrencyCode":"","_EventCurrencyPosition":"","_EventDateTimeSeparator":"","_EventTimeRangeSeparator":"","_EventOrganizerID":[],"_EventVenueID":[],"_OrganizerEmail":"","_OrganizerPhone":"","_OrganizerWebsite":"","_VenueAddress":"","_VenueCity":"","_VenueCountry":"","_VenueProvince":"","_VenueState":"","_VenueZip":"","_VenuePhone":"","_VenueURL":"","_VenueStateProvince":"","_VenueLat":"","_VenueLng":"","_VenueShowMap":false,"_VenueShowMapLink":false,"inspiro_hide_title":false,"footnotes":""},"class_list":["post-416","page","type-page","status-publish","hentry"],"campaignId":"","_links":{"self":[{"href":"https:\/\/krv1897.de\/index.php?rest_route=\/wp\/v2\/pages\/416","targetHints":{"allow":["GET"]}}],"collection":[{"href":"https:\/\/krv1897.de\/index.php?rest_route=\/wp\/v2\/pages"}],"about":[{"href":"https:\/\/krv1897.de\/index.php?rest_route=\/wp\/v2\/types\/page"}],"author":[{"embeddable":true,"href":"https:\/\/krv1897.de\/index.php?rest_route=\/wp\/v2\/users\/1"}],"replies":[{"embeddable":true,"href":"https:\/\/krv1897.de\/index.php?rest_route=%2Fwp%2Fv2%2Fcomments&post=416"}],"version-history":[{"count":8,"href":"https:\/\/krv1897.de\/index.php?rest_route=\/wp\/v2\/pages\/416\/revisions"}],"predecessor-version":[{"id":673,"href":"https:\/\/krv1897.de\/index.php?rest_route=\/wp\/v2\/pages\/416\/revisions\/673"}],"wp:attachment":[{"href":"https:\/\/krv1897.de\/index.php?rest_route=%2Fwp%2Fv2%2Fmedia&parent=416"}],"curies":[{"name":"wp","href":"https:\/\/api.w.org\/{rel}","templated":true}]}}