{"id":570,"date":"2023-02-21T23:04:02","date_gmt":"2023-02-21T23:04:02","guid":{"rendered":"https:\/\/krv1897.de\/?page_id=570"},"modified":"2025-10-06T06:30:04","modified_gmt":"2025-10-06T06:30:04","slug":"schnupperrudern-2023","status":"publish","type":"page","link":"https:\/\/krv1897.de\/?page_id=570","title":{"rendered":"Schnupperrudern 2026"},"content":{"rendered":"\n<figure class=\"wp-block-image alignfull size-large\"><img loading=\"lazy\" decoding=\"async\" width=\"1024\" height=\"640\" src=\"https:\/\/krv1897.de\/wp-content\/uploads\/2023\/02\/schnupperrudern-2-1024x640.jpg\" alt=\"\" class=\"wp-image-575\" srcset=\"https:\/\/krv1897.de\/wp-content\/uploads\/2023\/02\/schnupperrudern-2-1024x640.jpg 1024w, https:\/\/krv1897.de\/wp-content\/uploads\/2023\/02\/schnupperrudern-2-300x188.jpg 300w, https:\/\/krv1897.de\/wp-content\/uploads\/2023\/02\/schnupperrudern-2-768x480.jpg 768w, https:\/\/krv1897.de\/wp-content\/uploads\/2023\/02\/schnupperrudern-2.jpg 1200w\" sizes=\"auto, (max-width: 1024px) 100vw, 1024px\" \/><\/figure>\n\n\n\n<p class=\"has-text-align-center has-small-font-size\">Unter dem Motto &#8222;Faszination Rudern \u2013 Gesundheit und Natur&#8220; <br>bietet der KRV auch im Jahr 2026 wieder Schnupperrudern an.<\/p>\n\n\n\n<p class=\"has-text-align-center has-small-font-size\"><strong><mark style=\"background-color:rgba(0, 0, 0, 0)\" class=\"has-inline-color has-vivid-cyan-blue-color\">Anf\u00e4ngerkurse 2026<\/mark><br><\/strong>(Erwachsenkurs, 50\u20ac Kursgeb\u00fchr, wird bei Vereinseintritt verrechnet)<\/p>\n\n\n\n<p class=\"has-text-align-center has-small-font-size\"><strong>Termine (4x, jeweils Mittwoch 18:00) <br>29. April,  6., 13., 20. Mai 202<\/strong>6<br><br><\/p>\n\n\n\n<p class=\"has-text-align-center has-small-font-size\"><strong><mark style=\"background-color:rgba(0, 0, 0, 0)\" class=\"has-inline-color has-vivid-cyan-blue-color\">Kinderkurs <\/mark><\/strong><br>kostenlos, interessierte Kids werden in den Trainingsbetrieb am Montag integriert<br><strong>Hinweis Herbst 2025: <\/strong>Integration erfolgt mit Beginn der Indoorsaison ab 13.10.2025<br><br>Treffpunkt jeweils 17:50 Uhr<br>am Bootshaus Mainstockheimer Stra\u00dfe 2<br>97318 Kitzingen (Mainseite)<\/p>\n\n\n\n<p class=\"has-text-align-center has-small-font-size\">zur besseren Planbarkeit: <br><strong>Schnupperruderer (Mo) bitte zuvor via Mail anmelden!<\/strong><br><strong><a href=\"mailto:sport@krv97.de\"><mark style=\"background-color:rgba(0, 0, 0, 0)\" class=\"has-inline-color has-vivid-cyan-blue-color\">sport@krv97.de<\/mark><\/a><\/strong><br><br>Nach den <strong>Osterferien bis zum Schuljahresende <\/strong>besteht au\u00dferdem f\u00fcr <strong>Sch\u00fcler des AKG Kitzingen<\/strong> die M\u00f6glichkeit <br>am <strong>Dienstag von 13:45-15:15 Uhr<\/strong> beim <strong>Sch\u00fclerrudern<\/strong> unter Anleitung von Dr. Jan Pfannes und Walter Meyer<br>Ruderkenntnisse (Jahrg\u00e4nge 2012-2015) zu erwerben. Kontakt direkt \u00fcber&#8217;s Armin Knab Gymnasium\/Dr. Pfannes.<br>Je nach sportlicher Entwicklung stellen hier Sch\u00fclerwettbewerbe den Abschluss des Sommerhalbjahres dar.<\/p>\n\n\n\n<div style=\"height:100px\" aria-hidden=\"true\" class=\"wp-block-spacer\"><\/div>\n","protected":false},"excerpt":{"rendered":"<p>Unter dem Motto &#8222;Faszination Rudern \u2013 Gesundheit und Natur&#8220; bietet der KRV auch im Jahr 2026 wieder Schnupperrudern an. Anf\u00e4ngerkurse 2026(Erwachsenkurs, 50\u20ac Kursgeb\u00fchr, wird bei Vereinseintritt verrechnet) Termine (4x, jeweils &hellip; <\/p>\n<p class=\"link-more\"><a href=\"https:\/\/krv1897.de\/?page_id=570\" class=\"more-link\">Mehr <span class=\"screen-reader-text\">\u00fcber &#8222;Schnupperrudern 2026&#8220; <\/span>Lesen<\/a><\/p>\n","protected":false},"author":1,"featured_media":0,"parent":0,"menu_order":0,"comment_status":"closed","ping_status":"closed","template":"page-templates\/full-width-transparent.php","meta":{"give_campaign_id":0,"_EventAllDay":false,"_EventTimezone":"","_EventStartDate":"","_EventEndDate":"","_EventStartDateUTC":"","_EventEndDateUTC":"","_EventShowMap":false,"_EventShowMapLink":false,"_EventURL":"","_EventCost":"","_EventCostDescription":"","_EventCurrencySymbol":"","_EventCurrencyCode":"","_EventCurrencyPosition":"","_EventDateTimeSeparator":"","_EventTimeRangeSeparator":"","_EventOrganizerID":[],"_EventVenueID":[],"_OrganizerEmail":"","_OrganizerPhone":"","_OrganizerWebsite":"","_VenueAddress":"","_VenueCity":"","_VenueCountry":"","_VenueProvince":"","_VenueState":"","_VenueZip":"","_VenuePhone":"","_VenueURL":"","_VenueStateProvince":"","_VenueLat":"","_VenueLng":"","_VenueShowMap":false,"_VenueShowMapLink":false,"inspiro_hide_title":false,"footnotes":""},"class_list":["post-570","page","type-page","status-publish","hentry"],"campaignId":"","_links":{"self":[{"href":"https:\/\/krv1897.de\/index.php?rest_route=\/wp\/v2\/pages\/570","targetHints":{"allow":["GET"]}}],"collection":[{"href":"https:\/\/krv1897.de\/index.php?rest_route=\/wp\/v2\/pages"}],"about":[{"href":"https:\/\/krv1897.de\/index.php?rest_route=\/wp\/v2\/types\/page"}],"author":[{"embeddable":true,"href":"https:\/\/krv1897.de\/index.php?rest_route=\/wp\/v2\/users\/1"}],"replies":[{"embeddable":true,"href":"https:\/\/krv1897.de\/index.php?rest_route=%2Fwp%2Fv2%2Fcomments&post=570"}],"version-history":[{"count":20,"href":"https:\/\/krv1897.de\/index.php?rest_route=\/wp\/v2\/pages\/570\/revisions"}],"predecessor-version":[{"id":1905,"href":"https:\/\/krv1897.de\/index.php?rest_route=\/wp\/v2\/pages\/570\/revisions\/1905"}],"wp:attachment":[{"href":"https:\/\/krv1897.de\/index.php?rest_route=%2Fwp%2Fv2%2Fmedia&parent=570"}],"curies":[{"name":"wp","href":"https:\/\/api.w.org\/{rel}","templated":true}]}}