{"id":93,"date":"2023-02-19T22:09:03","date_gmt":"2023-02-19T22:09:03","guid":{"rendered":"https:\/\/krv1897.de\/?page_id=93"},"modified":"2023-03-05T10:01:00","modified_gmt":"2023-03-05T10:01:00","slug":"breitensport","status":"publish","type":"page","link":"https:\/\/krv1897.de\/?page_id=93","title":{"rendered":"Breitensport und Wanderrudern"},"content":{"rendered":"\n<figure class=\"wp-block-image alignfull size-large\"><img loading=\"lazy\" decoding=\"async\" width=\"1024\" height=\"640\" src=\"https:\/\/krv1897.de\/wp-content\/uploads\/2023\/02\/Breitenrudern-Wanderrudern-1024x640.jpg\" alt=\"\" class=\"wp-image-470\" srcset=\"https:\/\/krv1897.de\/wp-content\/uploads\/2023\/02\/Breitenrudern-Wanderrudern-1024x640.jpg 1024w, https:\/\/krv1897.de\/wp-content\/uploads\/2023\/02\/Breitenrudern-Wanderrudern-300x188.jpg 300w, https:\/\/krv1897.de\/wp-content\/uploads\/2023\/02\/Breitenrudern-Wanderrudern-768x480.jpg 768w, https:\/\/krv1897.de\/wp-content\/uploads\/2023\/02\/Breitenrudern-Wanderrudern.jpg 1200w\" sizes=\"auto, (max-width: 1024px) 100vw, 1024px\" \/><\/figure>\n\n\n\n<p class=\"has-text-align-center has-small-font-size\"><strong>Freizeitrudern<\/strong> (Breitensport) in allen Altersklassen ist beim Kitzinger Ruderverein ein besonderer Schwerpunkt. <br>Neben regelm\u00e4\u00dfigen Ausbildungs- und <a href=\"https:\/\/krv1897.de\/?page_id=124\"><mark style=\"background-color:rgba(0, 0, 0, 0)\" class=\"has-inline-color has-vivid-cyan-blue-color\">Trainingsterminen<\/mark><\/a> f\u00fcr Jugendliche und Einsteiger aller Altersklassen <br>gibt es f\u00fcr <strong>ausgebildete Ruderer<\/strong> verschiedene Gruppen, <br>die sich Dienstag bis Sonntag zu Ausfahrten auf dem Main sowie Wintertraining treffen.<br><br>Ansprechpartner der verschiedenen Gruppen <br><strong>&#8222;Dienstagsgruppe&#8220; <\/strong>(Di+Do\/Fr 18:00, Sa 8:00, So 9:00) <br>&#8211; Dieter von der Kall (<mark style=\"background-color:rgba(0, 0, 0, 0)\" class=\"has-inline-color has-vivid-cyan-blue-color\">0170<a rel=\"noreferrer noopener\" href=\"https:\/\/krv1897.de\/?page_id=124\" data-type=\"page\" data-id=\"124\" target=\"_blank\">\/<\/a>9158025<\/mark>)<br><strong>&#8222;Mittwochsgruppe&#8220; <\/strong>(Senioren, Mi 18:00) <br>&#8211; Margot Junker (<mark style=\"background-color:rgba(0, 0, 0, 0)\" class=\"has-inline-color has-vivid-cyan-blue-color\">09321<\/mark><mark style=\"background-color:rgba(0, 0, 0, 0)\" class=\"has-inline-color has-pale-cyan-blue-color\">\/<\/mark><mark style=\"background-color:rgba(0, 0, 0, 0)\" class=\"has-inline-color has-vivid-cyan-blue-color\">6372<\/mark>)<br><br>Die Gruppen freuen sich \u00fcber Verst\u00e4rkung. Und mit einiger \u00dcbung kann jeder den Rudersport erlernen! <br>F\u00fcr <strong>Neulinge<\/strong>, die vielleicht auch nur erst mal &#8222;reinschnuppern&#8220; wollen, werden <a href=\"https:\/\/krv1897.de\/?page_id=570\"><mark style=\"background-color:rgba(0, 0, 0, 0)\" class=\"has-inline-color has-vivid-cyan-blue-color\">Anf\u00e4ngerkurse<\/mark><\/a> angeboten.<br><br>Unser &#8222;Duracell-Ruderer&#8220; Georg Wittmann (seit Jahren vierstellige Kilometerzahl pro Jahr) <br>freut sich au\u00dferdem t\u00e4glich \u00fcber Mitstreiter im Mannschaftsboot (Kontakt \u00fcber Dienstagsgruppe).<br><\/p>\n\n\n\n<h3 class=\"has-text-align-center wp-block-heading\"><mark style=\"background-color:rgba(0, 0, 0, 0)\" class=\"has-inline-color has-vivid-cyan-blue-color\">Breitensport und Wanderrudern<\/mark><\/h3>\n\n\n\n<p class=\"has-text-align-center has-small-font-size\"><br><br>Beim im KRV traditionsreichen <strong>Wanderrudern <\/strong>wiederum geht es darum, der Natur nah zu sein und k\u00f6rperlichen Ausgleich zu finden.<br> <br>Dazu werden im KRV mehrmals pro Jahr ausgedehnte Wanderruderfahrten und Tagesausfl\u00fcge im Boot organisiert.<br>2009 hat der Kitzinger Ruderverein mit 4.908 zur\u00fcckgelegten Wanderruderkilometern <br>sogar den Spitzenplatz der mittelgro\u00dfen bayerischen Rudervereine erzielt und den Wanderruderpreis erhalten.<br><br>Durch die vereins\u00fcbergreifend gepflegte Kameradschaft unter Ruderern lernt man beim Wanderrudern Gleichgesinnte,  fremde Reviere und Bootsh\u00e4user sowie die Vielfalt des DRV kennen.<br><br>Wer eine Wanderruderfahrt plant, findet unter <a rel=\"noreferrer noopener\" href=\"http:\/\/gewaesser.rudern.de\/\" target=\"_blank\"><mark style=\"background-color:rgba(0, 0, 0, 0)\" class=\"has-inline-color has-vivid-cyan-blue-color\">gewaesser.rudern.de<\/mark><\/a>&nbsp;Gew\u00e4sserbeschreibungen, <br>die bei Durchf\u00fchrung dienlich sein k\u00f6nnen.<\/p>\n\n\n\n<p class=\"has-text-align-center has-small-font-size\"><\/p>\n\n\n\n<p class=\"has-text-align-center has-small-font-size\"><\/p>\n\n\n\n<p class=\"has-text-align-center has-small-font-size\"><br> <\/p>\n","protected":false},"excerpt":{"rendered":"<p>Freizeitrudern (Breitensport) in allen Altersklassen ist beim Kitzinger Ruderverein ein besonderer Schwerpunkt. Neben regelm\u00e4\u00dfigen Ausbildungs- und Trainingsterminen f\u00fcr Jugendliche und Einsteiger aller Altersklassen gibt es f\u00fcr ausgebildete Ruderer verschiedene Gruppen, &hellip; <\/p>\n<p class=\"link-more\"><a href=\"https:\/\/krv1897.de\/?page_id=93\" class=\"more-link\">Mehr <span class=\"screen-reader-text\">\u00fcber &#8222;Breitensport und Wanderrudern&#8220; <\/span>Lesen<\/a><\/p>\n","protected":false},"author":1,"featured_media":0,"parent":0,"menu_order":0,"comment_status":"closed","ping_status":"closed","template":"page-templates\/full-width-transparent.php","meta":{"give_campaign_id":0,"_EventAllDay":false,"_EventTimezone":"","_EventStartDate":"","_EventEndDate":"","_EventStartDateUTC":"","_EventEndDateUTC":"","_EventShowMap":false,"_EventShowMapLink":false,"_EventURL":"","_EventCost":"","_EventCostDescription":"","_EventCurrencySymbol":"","_EventCurrencyCode":"","_EventCurrencyPosition":"","_EventDateTimeSeparator":"","_EventTimeRangeSeparator":"","_EventOrganizerID":[],"_EventVenueID":[],"_OrganizerEmail":"","_OrganizerPhone":"","_OrganizerWebsite":"","_VenueAddress":"","_VenueCity":"","_VenueCountry":"","_VenueProvince":"","_VenueState":"","_VenueZip":"","_VenuePhone":"","_VenueURL":"","_VenueStateProvince":"","_VenueLat":"","_VenueLng":"","_VenueShowMap":false,"_VenueShowMapLink":false,"inspiro_hide_title":false,"footnotes":""},"class_list":["post-93","page","type-page","status-publish","hentry"],"campaignId":"","_links":{"self":[{"href":"https:\/\/krv1897.de\/index.php?rest_route=\/wp\/v2\/pages\/93","targetHints":{"allow":["GET"]}}],"collection":[{"href":"https:\/\/krv1897.de\/index.php?rest_route=\/wp\/v2\/pages"}],"about":[{"href":"https:\/\/krv1897.de\/index.php?rest_route=\/wp\/v2\/types\/page"}],"author":[{"embeddable":true,"href":"https:\/\/krv1897.de\/index.php?rest_route=\/wp\/v2\/users\/1"}],"replies":[{"embeddable":true,"href":"https:\/\/krv1897.de\/index.php?rest_route=%2Fwp%2Fv2%2Fcomments&post=93"}],"version-history":[{"count":22,"href":"https:\/\/krv1897.de\/index.php?rest_route=\/wp\/v2\/pages\/93\/revisions"}],"predecessor-version":[{"id":914,"href":"https:\/\/krv1897.de\/index.php?rest_route=\/wp\/v2\/pages\/93\/revisions\/914"}],"wp:attachment":[{"href":"https:\/\/krv1897.de\/index.php?rest_route=%2Fwp%2Fv2%2Fmedia&parent=93"}],"curies":[{"name":"wp","href":"https:\/\/api.w.org\/{rel}","templated":true}]}}