{"id":94,"date":"2023-02-19T22:09:03","date_gmt":"2023-02-19T22:09:03","guid":{"rendered":"https:\/\/krv1897.de\/?page_id=94"},"modified":"2025-04-15T12:07:07","modified_gmt":"2025-04-15T12:07:07","slug":"jugend","status":"publish","type":"page","link":"https:\/\/krv1897.de\/?page_id=94","title":{"rendered":"Jugend"},"content":{"rendered":"\n<figure class=\"wp-block-image alignfull size-large\"><img loading=\"lazy\" decoding=\"async\" width=\"1024\" height=\"640\" src=\"https:\/\/krv1897.de\/wp-content\/uploads\/2023\/12\/krv-jugend-banner-1024x640.jpg\" alt=\"\" class=\"wp-image-1251\" srcset=\"https:\/\/krv1897.de\/wp-content\/uploads\/2023\/12\/krv-jugend-banner-1024x640.jpg 1024w, https:\/\/krv1897.de\/wp-content\/uploads\/2023\/12\/krv-jugend-banner-300x188.jpg 300w, https:\/\/krv1897.de\/wp-content\/uploads\/2023\/12\/krv-jugend-banner-768x480.jpg 768w, https:\/\/krv1897.de\/wp-content\/uploads\/2023\/12\/krv-jugend-banner.jpg 1200w\" sizes=\"auto, (max-width: 1024px) 100vw, 1024px\" \/><\/figure>\n\n\n\n<h3 class=\"wp-block-heading has-text-align-center\"><mark style=\"background-color:rgba(0, 0, 0, 0)\" class=\"has-inline-color has-vivid-cyan-blue-color\">Jugend (Sch\u00fcler, JuM, Jugend A\/B)<\/mark><\/h3>\n\n\n\n<blockquote class=\"wp-block-quote has-text-align-center has-small-font-size is-layout-flow wp-block-quote-is-layout-flow\">\n<p class=\"has-text-align-center has-small-font-size\">Rowers; &#8222;they were, in fact, a poem of motion, a symphony of swinging blades.\u201d <\/p>\n<cite>Daniel James Brown<br><a rel=\"noreferrer noopener\" href=\"https:\/\/www.amazon.de\/Das-Wunder-von-Berlin-Ruderer\/dp\/3570501841\" target=\"_blank\"><mark style=\"background-color:rgba(0, 0, 0, 0)\" class=\"has-inline-color has-vivid-cyan-blue-color\">The Boys in the Boat<\/mark><\/a><\/cite><\/blockquote>\n\n\n\n<p class=\"has-text-align-center has-small-font-size\">Sch\u00fclerrudern beginnt, je nach k\u00f6rperlicher Konstitution, ab circa 12 Jahren &#8211; und sicheren Schwimmkenntnissen!<\/p>\n\n\n\n<p class=\"has-text-align-center has-small-font-size\">Nach absolviertem <a href=\"https:\/\/krv1897.de\/?page_id=570\"><mark style=\"background-color:rgba(0, 0, 0, 0)\" class=\"has-inline-color has-vivid-cyan-blue-color\">Schnupperkurs<\/mark><\/a> k\u00f6nnen Heranwachsende in die <strong>allgemeine Jugendtrainingsgruppe<\/strong> aufgenommen werden.<br><strong>Trainingszeit im Sommer 2025 = <\/strong>28.4.-2.6., 23.6.-28.7.: <strong>Mo 18:30 Uhr<\/strong> (15.9.-13.10.: 17:00)<br>Hallentraining ab 10.11.: Mo, 18:00 Uhr<br>R\u00fcckfragen: <a href=\"mailto:sport@krv97.de\"><mark style=\"background-color:rgba(0, 0, 0, 0)\" class=\"has-inline-color has-vivid-cyan-blue-color\">sport@krv97.de<\/mark><\/a><br><br>Den Jugendlichen wird durch die Betreuerinnen Johanna Bilz und Marie Feldrapp (unterst\u00fctzt durch Dr. Daniel Nagl\/Thomas Kern) <br>nicht nur Rudertechnik vermittelt, sondern auch die f\u00fcr unseren Sport wichtige Kameradschaft und der Wille,<br> sich im fairen sportlichen Wettkampf zu messen.<br><\/p>\n\n\n\n<p class=\"has-text-align-center has-small-font-size\">Nach den <strong>Osterferien bis zum Schuljahresende <\/strong>besteht au\u00dferdem f\u00fcr <strong>Sch\u00fcler des AKG Kitzingen<\/strong> die M\u00f6glichkeit, <br>am <strong>Dienstag von 13:45-15:15 Uhr<\/strong> beim <strong>Sch\u00fclerrudern<\/strong> unter Anleitung von Dr. Jan Pfannes und Walter Meyer<br>Ruderkenntnisse (Jahrg\u00e4nge 2011-2014) zu erwerben. Kontakt direkt \u00fcber&#8217;s Armin Knab Gymnasium\/Dr. Pfannes.<br>Je nach sportlicher Entwicklung stellen hier Sch\u00fclerwettbewerbe den Abschluss des Sommerhalbjahres dar.<br><br><br><strong>Wettkampforientiertes Jugendrudern <\/strong>beginnt ebenfalls ab circa 12 Jahren und wird in den Altersklassen JuM (U14), Sch\u00fcler14, <br>Jugend B (15-16) und Jugend A (17-18) betrieben. <br>Aufnahme in die durch Dr. Daniel Nagl unterst\u00fctzt durch Kilian Schiebel betreute &#8222;R-Gruppe&#8220; durch Dr. Nagl (Jugend- und Wettkampfsport) <br><strong>Trainingszeiten im Sommer 2025<\/strong>: Mo, 17:00 (Skiff, nach Einteilung), Do, 18:00, So: 8:00\/9:45 (je nach Einteilung)<br>Kontakt: <a href=\"mailto:regatta@krv1897.de\"><mark style=\"background-color:rgba(0, 0, 0, 0);color:#0074ff\" class=\"has-inline-color\">regatta@krv1897.de<\/mark><\/a> bzw. 0176\/34193678<br><br>Der Kitzinger Ruderverein hat im Jugendbereich immer wieder Talente hervorgebracht, die Bayerische <br>und Hochschulmeisterschaften gewannen oder in Nationalkader aufgenommen wurden; <br>letztmals die U23-Weltmeisterin Lena Bieber (Lgw.-Doppelvierer, 2009).<br>Aktuell liegt der Fokus darauf, mit einer kleinen Zahl an Jugendlichen 12-19 Jahre 2025\/26<br>erfolgreich an regionalen Regatten und Landesmeisterschaften teilzunehmen.<br><br>Rudern schult K\u00f6rper und Geist und eignet sich als Erstsport,<br>aber auch als &#8222;Erg\u00e4nzungs-&#8220; bzw. &#8222;Nachfolgesport&#8220;, beispielsweise f\u00fcr Schwimmer und Kanuten.<\/p>\n\n\n\n<p class=\"has-text-align-center has-small-font-size\"><strong>Weiterer Mannschaftszuwachs f\u00fcr unser Jugendteam ist uns herzlich willkommen!<\/strong><br>Bei Fragen &#8222;teen2teen&#8220; stehen euch neben unseren jungen Betreuerinnen auch unserer Jugendsprecher <br>Joseph Eisele (real_joseph_eise) <br>und sein Stellvertreter Jonathan Stricker (jonny.st64) <br>gerne auf Insta zur Verf\u00fcgung.<br><br>Siehe auch krv_jugend.1897 als Jugendpr\u00e4senz auf <a href=\"https:\/\/www.instagram.com\/krv_jugend.1897\/\"><mark style=\"background-color:rgba(0, 0, 0, 0);color:#0074ff\" class=\"has-inline-color\">Insta<\/mark><\/a><\/p>\n\n\n\n<div style=\"height:100px\" aria-hidden=\"true\" class=\"wp-block-spacer\"><\/div>\n","protected":false},"excerpt":{"rendered":"<p>Jugend (Sch\u00fcler, JuM, Jugend A\/B) Rowers; &#8222;they were, in fact, a poem of motion, a symphony of swinging blades.\u201d Daniel James BrownThe Boys in the Boat Sch\u00fclerrudern beginnt, je nach &hellip; <\/p>\n<p class=\"link-more\"><a href=\"https:\/\/krv1897.de\/?page_id=94\" class=\"more-link\">Mehr <span class=\"screen-reader-text\">\u00fcber &#8222;Jugend&#8220; <\/span>Lesen<\/a><\/p>\n","protected":false},"author":1,"featured_media":0,"parent":0,"menu_order":0,"comment_status":"closed","ping_status":"closed","template":"page-templates\/full-width-transparent.php","meta":{"give_campaign_id":0,"_EventAllDay":false,"_EventTimezone":"","_EventStartDate":"","_EventEndDate":"","_EventStartDateUTC":"","_EventEndDateUTC":"","_EventShowMap":false,"_EventShowMapLink":false,"_EventURL":"","_EventCost":"","_EventCostDescription":"","_EventCurrencySymbol":"","_EventCurrencyCode":"","_EventCurrencyPosition":"","_EventDateTimeSeparator":"","_EventTimeRangeSeparator":"","_EventOrganizerID":[],"_EventVenueID":[],"_OrganizerEmail":"","_OrganizerPhone":"","_OrganizerWebsite":"","_VenueAddress":"","_VenueCity":"","_VenueCountry":"","_VenueProvince":"","_VenueState":"","_VenueZip":"","_VenuePhone":"","_VenueURL":"","_VenueStateProvince":"","_VenueLat":"","_VenueLng":"","_VenueShowMap":false,"_VenueShowMapLink":false,"inspiro_hide_title":false,"footnotes":""},"class_list":["post-94","page","type-page","status-publish","hentry"],"campaignId":"","_links":{"self":[{"href":"https:\/\/krv1897.de\/index.php?rest_route=\/wp\/v2\/pages\/94","targetHints":{"allow":["GET"]}}],"collection":[{"href":"https:\/\/krv1897.de\/index.php?rest_route=\/wp\/v2\/pages"}],"about":[{"href":"https:\/\/krv1897.de\/index.php?rest_route=\/wp\/v2\/types\/page"}],"author":[{"embeddable":true,"href":"https:\/\/krv1897.de\/index.php?rest_route=\/wp\/v2\/users\/1"}],"replies":[{"embeddable":true,"href":"https:\/\/krv1897.de\/index.php?rest_route=%2Fwp%2Fv2%2Fcomments&post=94"}],"version-history":[{"count":44,"href":"https:\/\/krv1897.de\/index.php?rest_route=\/wp\/v2\/pages\/94\/revisions"}],"predecessor-version":[{"id":1797,"href":"https:\/\/krv1897.de\/index.php?rest_route=\/wp\/v2\/pages\/94\/revisions\/1797"}],"wp:attachment":[{"href":"https:\/\/krv1897.de\/index.php?rest_route=%2Fwp%2Fv2%2Fmedia&parent=94"}],"curies":[{"name":"wp","href":"https:\/\/api.w.org\/{rel}","templated":true}]}}